{"id":97,"date":"2025-01-10T11:47:25","date_gmt":"2025-01-10T10:47:25","guid":{"rendered":"https:\/\/dev-yellowstudio.be\/unite\/?page_id=97"},"modified":"2025-12-09T15:27:18","modified_gmt":"2025-12-09T14:27:18","slug":"le-conseil-dunite-pastorale","status":"publish","type":"page","link":"https:\/\/dev-yellowstudio.be\/unite\/qui-sommes-nous\/le-conseil-dunite-pastorale\/","title":{"rendered":"Le conseil d\u2019unit\u00e9 pastorale"},"content":{"rendered":"\t\t<div data-elementor-type=\"wp-page\" data-elementor-id=\"97\" class=\"elementor elementor-97\" data-elementor-post-type=\"page\">\n\t\t\t\t<div class=\"elementor-element elementor-element-879dcfd e-con-full e-flex e-con e-parent\" data-id=\"879dcfd\" data-element_type=\"container\" data-settings=\"{&quot;background_background&quot;:&quot;classic&quot;,&quot;jet_parallax_layout_list&quot;:[]}\">\n\t\t<div class=\"elementor-element elementor-element-6ce21da e-flex e-con-boxed e-con e-child\" data-id=\"6ce21da\" data-element_type=\"container\" data-settings=\"{&quot;jet_parallax_layout_list&quot;:[]}\">\n\t\t\t\t\t<div class=\"e-con-inner\">\n\t\t\t\t<div class=\"elementor-element elementor-element-3ba42e9 elementor-widget elementor-widget-spacer\" data-id=\"3ba42e9\" data-element_type=\"widget\" data-widget_type=\"spacer.default\">\n\t\t\t\t<div class=\"elementor-widget-container\">\n\t\t\t\t\t\t\t<div class=\"elementor-spacer\">\n\t\t\t<div class=\"elementor-spacer-inner\"><\/div>\n\t\t<\/div>\n\t\t\t\t\t\t<\/div>\n\t\t\t\t<\/div>\n\t\t\t\t\t<\/div>\n\t\t\t\t<\/div>\n\t\t\t\t<\/div>\n\t\t<div class=\"elementor-element elementor-element-6fc7688 e-con-full e-flex e-con e-parent\" data-id=\"6fc7688\" data-element_type=\"container\" data-settings=\"{&quot;background_background&quot;:&quot;classic&quot;,&quot;jet_parallax_layout_list&quot;:[]}\">\n\t\t<div class=\"elementor-element elementor-element-35d135c e-con-full e-flex e-con e-child\" data-id=\"35d135c\" data-element_type=\"container\" data-settings=\"{&quot;jet_parallax_layout_list&quot;:[]}\">\n\t\t\t\t<div class=\"elementor-element elementor-element-0c4dbc9 elementor-widget elementor-widget-heading\" data-id=\"0c4dbc9\" data-element_type=\"widget\" data-widget_type=\"heading.default\">\n\t\t\t\t<div class=\"elementor-widget-container\">\n\t\t\t\t\t<h1 class=\"elementor-heading-title elementor-size-default\">Le conseil d\u2019unit\u00e9 pastorale <\/h1>\t\t\t\t<\/div>\n\t\t\t\t<\/div>\n\t\t\t\t<div class=\"elementor-element elementor-element-6483704 elementor-widget elementor-widget-text-editor\" data-id=\"6483704\" data-element_type=\"widget\" data-widget_type=\"text-editor.default\">\n\t\t\t\t<div class=\"elementor-widget-container\">\n\t\t\t\t\t\t\t\t\t<p>Il est compos\u00e9 de repr\u00e9sentants des diff\u00e9rentes paroisses et des \u00e9quipes actives qui ont le souci de faire battre, en unit\u00e9, le c\u0153ur de Dieu dans nos villages. <br \/><br \/>C\u2019est l\u2019organe de concertation de l\u2019action pastorale de l\u2019Unit\u00e9. <br \/><br \/>C\u2019est un lieu de parole et d\u2019\u00e9coute qui tient conseil sur la vie et la mission des communaut\u00e9s dans leur environnement propre, \u00e0 l\u2019\u00e9coute de l\u2019Esprit du Christ, des questions et des interpellations de nos contemporains.<br \/><br \/>Il se r\u00e9unit au moins 4 fois par an.<\/p>\t\t\t\t\t\t\t\t<\/div>\n\t\t\t\t<\/div>\n\t\t\t\t<\/div>\n\t\t<div class=\"elementor-element elementor-element-588f508 e-con-full e-flex e-con e-child\" data-id=\"588f508\" data-element_type=\"container\" data-settings=\"{&quot;jet_parallax_layout_list&quot;:[]}\">\n\t\t\t\t<div class=\"elementor-element elementor-element-d014b6a elementor-widget elementor-widget-image\" data-id=\"d014b6a\" data-element_type=\"widget\" data-widget_type=\"image.default\">\n\t\t\t\t<div class=\"elementor-widget-container\">\n\t\t\t\t\t\t\t\t\t\t\t\t\t\t\t<img fetchpriority=\"high\" decoding=\"async\" width=\"800\" height=\"532\" src=\"https:\/\/dev-yellowstudio.be\/unite\/wp-content\/uploads\/2025\/05\/vitreaux-4-1024x681.jpg\" class=\"attachment-large size-large wp-image-627\" alt=\"\" srcset=\"https:\/\/dev-yellowstudio.be\/unite\/wp-content\/uploads\/2025\/05\/vitreaux-4-1024x681.jpg 1024w, https:\/\/dev-yellowstudio.be\/unite\/wp-content\/uploads\/2025\/05\/vitreaux-4-300x200.jpg 300w, https:\/\/dev-yellowstudio.be\/unite\/wp-content\/uploads\/2025\/05\/vitreaux-4-768x511.jpg 768w, https:\/\/dev-yellowstudio.be\/unite\/wp-content\/uploads\/2025\/05\/vitreaux-4-1536x1021.jpg 1536w, https:\/\/dev-yellowstudio.be\/unite\/wp-content\/uploads\/2025\/05\/vitreaux-4.jpg 1600w\" sizes=\"(max-width: 800px) 100vw, 800px\" \/>\t\t\t\t\t\t\t\t\t\t\t\t\t\t\t<\/div>\n\t\t\t\t<\/div>\n\t\t\t\t<\/div>\n\t\t\t\t<\/div>\n\t\t<div class=\"elementor-element elementor-element-783072c e-con-full e-flex e-con e-parent\" data-id=\"783072c\" data-element_type=\"container\" data-settings=\"{&quot;background_background&quot;:&quot;classic&quot;,&quot;jet_parallax_layout_list&quot;:[]}\">\n\t\t<div class=\"elementor-element elementor-element-0eb42ba e-con-full e-flex e-con e-child\" data-id=\"0eb42ba\" data-element_type=\"container\" data-settings=\"{&quot;jet_parallax_layout_list&quot;:[]}\">\n\t\t\t\t<div class=\"elementor-element elementor-element-51e5038 elementor-widget elementor-widget-image\" data-id=\"51e5038\" data-element_type=\"widget\" data-widget_type=\"image.default\">\n\t\t\t\t<div class=\"elementor-widget-container\">\n\t\t\t\t\t\t\t\t\t\t\t\t\t\t\t<img decoding=\"async\" width=\"800\" height=\"534\" src=\"https:\/\/dev-yellowstudio.be\/unite\/wp-content\/uploads\/2025\/05\/vitreaux-croix-2-1024x683.jpg\" class=\"attachment-large size-large wp-image-625\" alt=\"\" srcset=\"https:\/\/dev-yellowstudio.be\/unite\/wp-content\/uploads\/2025\/05\/vitreaux-croix-2-1024x683.jpg 1024w, https:\/\/dev-yellowstudio.be\/unite\/wp-content\/uploads\/2025\/05\/vitreaux-croix-2-300x200.jpg 300w, https:\/\/dev-yellowstudio.be\/unite\/wp-content\/uploads\/2025\/05\/vitreaux-croix-2-768x512.jpg 768w, https:\/\/dev-yellowstudio.be\/unite\/wp-content\/uploads\/2025\/05\/vitreaux-croix-2-1536x1024.jpg 1536w, https:\/\/dev-yellowstudio.be\/unite\/wp-content\/uploads\/2025\/05\/vitreaux-croix-2.jpg 1600w\" sizes=\"(max-width: 800px) 100vw, 800px\" \/>\t\t\t\t\t\t\t\t\t\t\t\t\t\t\t<\/div>\n\t\t\t\t<\/div>\n\t\t\t\t<\/div>\n\t\t<div class=\"elementor-element elementor-element-0ac04c3 e-con-full e-flex e-con e-child\" data-id=\"0ac04c3\" data-element_type=\"container\" data-settings=\"{&quot;jet_parallax_layout_list&quot;:[]}\">\n\t\t\t\t<div class=\"elementor-element elementor-element-3c93704 elementor-widget elementor-widget-heading\" data-id=\"3c93704\" data-element_type=\"widget\" data-widget_type=\"heading.default\">\n\t\t\t\t<div class=\"elementor-widget-container\">\n\t\t\t\t\t<h2 class=\"elementor-heading-title elementor-size-default\">Composition : <\/h2>\t\t\t\t<\/div>\n\t\t\t\t<\/div>\n\t\t\t\t<div class=\"elementor-element elementor-element-101d217 elementor-widget elementor-widget-text-editor\" data-id=\"101d217\" data-element_type=\"widget\" data-widget_type=\"text-editor.default\">\n\t\t\t\t<div class=\"elementor-widget-container\">\n\t\t\t\t\t\t\t\t\t<p>\u2022 Le cur\u00e9, <strong>Faustin Mansiara,<\/strong><br \/>\u2022 Le vicaire <strong>Jean Tshingola,<\/strong> <br \/>\u2022 Le diacre <strong>Christian Papy,<br \/>\u2022 <\/strong>Des<strong> repr\u00e9sentants de diff\u00e9rentes paroisses <\/strong>et\/ou des<strong> \u00e9quipes actives sur le terrain<\/strong><\/p>\t\t\t\t\t\t\t\t<\/div>\n\t\t\t\t<\/div>\n\t\t\t\t<div class=\"elementor-element elementor-element-b5e3ba2 elementor-widget elementor-widget-heading\" data-id=\"b5e3ba2\" data-element_type=\"widget\" data-widget_type=\"heading.default\">\n\t\t\t\t<div class=\"elementor-widget-container\">\n\t\t\t\t\t<h2 class=\"elementor-heading-title elementor-size-default\">Contacter le conseil d'unit\u00e9 pastorale <\/h2>\t\t\t\t<\/div>\n\t\t\t\t<\/div>\n\t\t\t\t<div class=\"elementor-element elementor-element-efc5d2e elementor-widget elementor-widget-text-editor\" data-id=\"efc5d2e\" data-element_type=\"widget\" data-widget_type=\"text-editor.default\">\n\t\t\t\t<div class=\"elementor-widget-container\">\n\t\t\t\t\t\t\t\t\t<p>\u2022 Le cur\u00e9, <strong>Faustin Mansiara : <\/strong><span style=\"text-decoration: underline;\"><em><a href=\"tel:+32476874477\">0476 87 44 77<\/a><\/em><\/span><\/p>\t\t\t\t\t\t\t\t<\/div>\n\t\t\t\t<\/div>\n\t\t\t\t<\/div>\n\t\t\t\t<\/div>\n\t\t\t\t<\/div>\n\t\t","protected":false},"excerpt":{"rendered":"<p>Le conseil d\u2019unit\u00e9 pastorale Il est compos\u00e9 de repr\u00e9sentants des diff\u00e9rentes paroisses et des \u00e9quipes actives qui ont le souci de faire battre, en unit\u00e9, le c\u0153ur de Dieu dans nos villages. C\u2019est l\u2019organe de concertation de l\u2019action pastorale de l\u2019Unit\u00e9. C\u2019est un lieu de parole et d\u2019\u00e9coute qui tient conseil sur la vie et [&hellip;]<\/p>\n","protected":false},"author":1,"featured_media":0,"parent":72,"menu_order":0,"comment_status":"closed","ping_status":"closed","template":"","meta":{"footnotes":""},"class_list":["post-97","page","type-page","status-publish","hentry"],"_links":{"self":[{"href":"https:\/\/dev-yellowstudio.be\/unite\/wp-json\/wp\/v2\/pages\/97","targetHints":{"allow":["GET"]}}],"collection":[{"href":"https:\/\/dev-yellowstudio.be\/unite\/wp-json\/wp\/v2\/pages"}],"about":[{"href":"https:\/\/dev-yellowstudio.be\/unite\/wp-json\/wp\/v2\/types\/page"}],"author":[{"embeddable":true,"href":"https:\/\/dev-yellowstudio.be\/unite\/wp-json\/wp\/v2\/users\/1"}],"replies":[{"embeddable":true,"href":"https:\/\/dev-yellowstudio.be\/unite\/wp-json\/wp\/v2\/comments?post=97"}],"version-history":[{"count":19,"href":"https:\/\/dev-yellowstudio.be\/unite\/wp-json\/wp\/v2\/pages\/97\/revisions"}],"predecessor-version":[{"id":1024,"href":"https:\/\/dev-yellowstudio.be\/unite\/wp-json\/wp\/v2\/pages\/97\/revisions\/1024"}],"up":[{"embeddable":true,"href":"https:\/\/dev-yellowstudio.be\/unite\/wp-json\/wp\/v2\/pages\/72"}],"wp:attachment":[{"href":"https:\/\/dev-yellowstudio.be\/unite\/wp-json\/wp\/v2\/media?parent=97"}],"curies":[{"name":"wp","href":"https:\/\/api.w.org\/{rel}","templated":true}]}}