{"id":87,"date":"2025-01-10T11:32:17","date_gmt":"2025-01-10T10:32:17","guid":{"rendered":"https:\/\/dev-yellowstudio.be\/unite\/?page_id=87"},"modified":"2025-12-09T15:26:05","modified_gmt":"2025-12-09T14:26:05","slug":"lequipe-pastorale","status":"publish","type":"page","link":"https:\/\/dev-yellowstudio.be\/unite\/qui-sommes-nous\/lequipe-pastorale\/","title":{"rendered":"L&rsquo;\u00e9quipe pastorale"},"content":{"rendered":"\t\t<div data-elementor-type=\"wp-page\" data-elementor-id=\"87\" class=\"elementor elementor-87\" data-elementor-post-type=\"page\">\n\t\t\t\t<div class=\"elementor-element elementor-element-879dcfd e-con-full e-flex e-con e-parent\" data-id=\"879dcfd\" data-element_type=\"container\" data-settings=\"{&quot;background_background&quot;:&quot;classic&quot;,&quot;jet_parallax_layout_list&quot;:[]}\">\n\t\t<div class=\"elementor-element elementor-element-6ce21da e-flex e-con-boxed e-con e-child\" data-id=\"6ce21da\" data-element_type=\"container\" data-settings=\"{&quot;jet_parallax_layout_list&quot;:[]}\">\n\t\t\t\t\t<div class=\"e-con-inner\">\n\t\t\t\t<div class=\"elementor-element elementor-element-3ba42e9 elementor-widget elementor-widget-spacer\" data-id=\"3ba42e9\" data-element_type=\"widget\" data-widget_type=\"spacer.default\">\n\t\t\t\t<div class=\"elementor-widget-container\">\n\t\t\t\t\t\t\t<div class=\"elementor-spacer\">\n\t\t\t<div class=\"elementor-spacer-inner\"><\/div>\n\t\t<\/div>\n\t\t\t\t\t\t<\/div>\n\t\t\t\t<\/div>\n\t\t\t\t\t<\/div>\n\t\t\t\t<\/div>\n\t\t\t\t<\/div>\n\t\t<div class=\"elementor-element elementor-element-6fc7688 e-con-full e-flex e-con e-parent\" data-id=\"6fc7688\" data-element_type=\"container\" data-settings=\"{&quot;background_background&quot;:&quot;classic&quot;,&quot;jet_parallax_layout_list&quot;:[]}\">\n\t\t<div class=\"elementor-element elementor-element-35d135c e-con-full e-flex e-con e-child\" data-id=\"35d135c\" data-element_type=\"container\" data-settings=\"{&quot;jet_parallax_layout_list&quot;:[]}\">\n\t\t\t\t<div class=\"elementor-element elementor-element-0c4dbc9 elementor-widget elementor-widget-heading\" data-id=\"0c4dbc9\" data-element_type=\"widget\" data-widget_type=\"heading.default\">\n\t\t\t\t<div class=\"elementor-widget-container\">\n\t\t\t\t\t<h1 class=\"elementor-heading-title elementor-size-default\">L\u2019\u00e9quipe pastorale<\/h1>\t\t\t\t<\/div>\n\t\t\t\t<\/div>\n\t\t\t\t<div class=\"elementor-element elementor-element-6483704 elementor-widget elementor-widget-text-editor\" data-id=\"6483704\" data-element_type=\"widget\" data-widget_type=\"text-editor.default\">\n\t\t\t\t<div class=\"elementor-widget-container\">\n\t\t\t\t\t\t\t\t\t<p>Le cur\u00e9 de l\u2019UP est entour\u00e9 d\u2019une \u00e9quipe qui participe \u00e9troitement \u00e0 sa charge pastorale. Ensemble, ils \u0153uvrent au bon fonctionnement de l\u2019UP et lui donnent des orientations de vie en lien avec le CUP (conseil d\u2019unit\u00e9\u00a0pastorale) en se mettant \u00e0 l\u2019\u00e9coute de chacun.<\/p>\t\t\t\t\t\t\t\t<\/div>\n\t\t\t\t<\/div>\n\t\t\t\t<\/div>\n\t\t<div class=\"elementor-element elementor-element-09b63b2 e-con-full e-flex e-con e-child\" data-id=\"09b63b2\" data-element_type=\"container\" data-settings=\"{&quot;jet_parallax_layout_list&quot;:[]}\">\n\t\t\t\t<div class=\"elementor-element elementor-element-57b78ca elementor-widget elementor-widget-image\" data-id=\"57b78ca\" data-element_type=\"widget\" data-widget_type=\"image.default\">\n\t\t\t\t<div class=\"elementor-widget-container\">\n\t\t\t\t\t\t\t\t\t\t\t\t\t\t\t<img fetchpriority=\"high\" decoding=\"async\" width=\"800\" height=\"534\" src=\"https:\/\/dev-yellowstudio.be\/unite\/wp-content\/uploads\/2025\/05\/vitreaux-bougie-1024x683.jpg\" class=\"attachment-large size-large wp-image-615\" alt=\"\" srcset=\"https:\/\/dev-yellowstudio.be\/unite\/wp-content\/uploads\/2025\/05\/vitreaux-bougie-1024x683.jpg 1024w, https:\/\/dev-yellowstudio.be\/unite\/wp-content\/uploads\/2025\/05\/vitreaux-bougie-300x200.jpg 300w, https:\/\/dev-yellowstudio.be\/unite\/wp-content\/uploads\/2025\/05\/vitreaux-bougie-768x512.jpg 768w, https:\/\/dev-yellowstudio.be\/unite\/wp-content\/uploads\/2025\/05\/vitreaux-bougie-1536x1024.jpg 1536w, https:\/\/dev-yellowstudio.be\/unite\/wp-content\/uploads\/2025\/05\/vitreaux-bougie.jpg 1800w\" sizes=\"(max-width: 800px) 100vw, 800px\" \/>\t\t\t\t\t\t\t\t\t\t\t\t\t\t\t<\/div>\n\t\t\t\t<\/div>\n\t\t\t\t<\/div>\n\t\t\t\t<\/div>\n\t\t<div class=\"elementor-element elementor-element-783072c e-con-full e-flex e-con e-parent\" data-id=\"783072c\" data-element_type=\"container\" data-settings=\"{&quot;background_background&quot;:&quot;classic&quot;,&quot;jet_parallax_layout_list&quot;:[]}\">\n\t\t<div class=\"elementor-element elementor-element-0eb42ba e-con-full e-flex e-con e-child\" data-id=\"0eb42ba\" data-element_type=\"container\" data-settings=\"{&quot;jet_parallax_layout_list&quot;:[]}\">\n\t\t\t\t<div class=\"elementor-element elementor-element-ab06d34 elementor-widget elementor-widget-image\" data-id=\"ab06d34\" data-element_type=\"widget\" data-widget_type=\"image.default\">\n\t\t\t\t<div class=\"elementor-widget-container\">\n\t\t\t\t\t\t\t\t\t\t\t\t\t\t\t<img decoding=\"async\" width=\"800\" height=\"534\" src=\"https:\/\/dev-yellowstudio.be\/unite\/wp-content\/uploads\/2025\/05\/vitreaux-croix-1024x684.jpg\" class=\"attachment-large size-large wp-image-614\" alt=\"\" srcset=\"https:\/\/dev-yellowstudio.be\/unite\/wp-content\/uploads\/2025\/05\/vitreaux-croix-1024x684.jpg 1024w, https:\/\/dev-yellowstudio.be\/unite\/wp-content\/uploads\/2025\/05\/vitreaux-croix-300x200.jpg 300w, https:\/\/dev-yellowstudio.be\/unite\/wp-content\/uploads\/2025\/05\/vitreaux-croix-768x513.jpg 768w, https:\/\/dev-yellowstudio.be\/unite\/wp-content\/uploads\/2025\/05\/vitreaux-croix-1536x1025.jpg 1536w, https:\/\/dev-yellowstudio.be\/unite\/wp-content\/uploads\/2025\/05\/vitreaux-croix.jpg 1600w\" sizes=\"(max-width: 800px) 100vw, 800px\" \/>\t\t\t\t\t\t\t\t\t\t\t\t\t\t\t<\/div>\n\t\t\t\t<\/div>\n\t\t\t\t<\/div>\n\t\t<div class=\"elementor-element elementor-element-0ac04c3 e-con-full e-flex e-con e-child\" data-id=\"0ac04c3\" data-element_type=\"container\" data-settings=\"{&quot;jet_parallax_layout_list&quot;:[]}\">\n\t\t\t\t<div class=\"elementor-element elementor-element-3c93704 elementor-widget elementor-widget-heading\" data-id=\"3c93704\" data-element_type=\"widget\" data-widget_type=\"heading.default\">\n\t\t\t\t<div class=\"elementor-widget-container\">\n\t\t\t\t\t<h1 class=\"elementor-heading-title elementor-size-default\">Composition de l'\u00e9quipe pastorale<\/h1>\t\t\t\t<\/div>\n\t\t\t\t<\/div>\n\t\t\t\t<div class=\"elementor-element elementor-element-101d217 elementor-widget elementor-widget-text-editor\" data-id=\"101d217\" data-element_type=\"widget\" data-widget_type=\"text-editor.default\">\n\t\t\t\t<div class=\"elementor-widget-container\">\n\t\t\t\t\t\t\t\t\t<p><strong>Notre cur\u00e9, l&rsquo;abb\u00e9 Faustin Mansiara<\/strong>:<em><span style=\"text-decoration: underline;\"> <a href=\"tel:+3219322287\">019\/ 32 22 87<\/a><\/span><\/em> ou <span style=\"text-decoration: underline;\"><em><a href=\"tel:+3247684477\">0476\/874477<\/a><\/em><\/span><br \/><strong>Notre vicaire, l\u2019abb\u00e9 Jean Tshingola<\/strong>: <span style=\"text-decoration: underline;\"><em><a href=\"tel:+32484665739\">0484\/66 57 39<\/a><\/em><\/span><br \/><strong>Notre diacre<\/strong> Christian Papy<br \/><strong>La\u00efcs :<\/strong> Annie Nibus\u00a0: <a href=\"tel:+32475754772\"><span style=\"text-decoration: underline;\"><em>0475\/75 47 72<\/em><\/span><\/a><br \/>\u00a0\u00a0\u00a0\u00a0\u00a0\u00a0\u00a0\u00a0\u00a0\u00a0\u00a0\u00a0 Mimie Math\u00e9i : <span style=\"text-decoration: underline;\"><em><a href=\"tel:+32477746476\">0477\/74 64 76<\/a><\/em><\/span><br \/>\u00a0\u00a0\u00a0\u00a0\u00a0\u00a0 \u00a0\u00a0\u00a0\u00a0\u00a0 Jean-Marie Gillet : <span style=\"text-decoration: underline;\"><em><a href=\"tel:+3219326396\">019\/32 63 96<\/a><\/em><\/span><\/p>\t\t\t\t\t\t\t\t<\/div>\n\t\t\t\t<\/div>\n\t\t\t\t<\/div>\n\t\t\t\t<\/div>\n\t\t\t\t<\/div>\n\t\t","protected":false},"excerpt":{"rendered":"<p>L\u2019\u00e9quipe pastorale Le cur\u00e9 de l\u2019UP est entour\u00e9 d\u2019une \u00e9quipe qui participe \u00e9troitement \u00e0 sa charge pastorale. Ensemble, ils \u0153uvrent au bon fonctionnement de l\u2019UP et lui donnent des orientations de vie en lien avec le CUP (conseil d\u2019unit\u00e9\u00a0pastorale) en se mettant \u00e0 l\u2019\u00e9coute de chacun. Composition de l&rsquo;\u00e9quipe pastorale Notre cur\u00e9, l&rsquo;abb\u00e9 Faustin Mansiara: [&hellip;]<\/p>\n","protected":false},"author":1,"featured_media":0,"parent":72,"menu_order":0,"comment_status":"closed","ping_status":"closed","template":"","meta":{"footnotes":""},"class_list":["post-87","page","type-page","status-publish","hentry"],"_links":{"self":[{"href":"https:\/\/dev-yellowstudio.be\/unite\/wp-json\/wp\/v2\/pages\/87","targetHints":{"allow":["GET"]}}],"collection":[{"href":"https:\/\/dev-yellowstudio.be\/unite\/wp-json\/wp\/v2\/pages"}],"about":[{"href":"https:\/\/dev-yellowstudio.be\/unite\/wp-json\/wp\/v2\/types\/page"}],"author":[{"embeddable":true,"href":"https:\/\/dev-yellowstudio.be\/unite\/wp-json\/wp\/v2\/users\/1"}],"replies":[{"embeddable":true,"href":"https:\/\/dev-yellowstudio.be\/unite\/wp-json\/wp\/v2\/comments?post=87"}],"version-history":[{"count":20,"href":"https:\/\/dev-yellowstudio.be\/unite\/wp-json\/wp\/v2\/pages\/87\/revisions"}],"predecessor-version":[{"id":1021,"href":"https:\/\/dev-yellowstudio.be\/unite\/wp-json\/wp\/v2\/pages\/87\/revisions\/1021"}],"up":[{"embeddable":true,"href":"https:\/\/dev-yellowstudio.be\/unite\/wp-json\/wp\/v2\/pages\/72"}],"wp:attachment":[{"href":"https:\/\/dev-yellowstudio.be\/unite\/wp-json\/wp\/v2\/media?parent=87"}],"curies":[{"name":"wp","href":"https:\/\/api.w.org\/{rel}","templated":true}]}}