{"id":830,"date":"2025-11-24T14:19:21","date_gmt":"2025-11-24T13:19:21","guid":{"rendered":"https:\/\/dev-yellowstudio.be\/unite\/?page_id=830"},"modified":"2025-12-09T15:20:09","modified_gmt":"2025-12-09T14:20:09","slug":"les-funerailles","status":"publish","type":"page","link":"https:\/\/dev-yellowstudio.be\/unite\/les-sacrements\/les-funerailles\/","title":{"rendered":"Les fun\u00e9railles"},"content":{"rendered":"\t\t<div data-elementor-type=\"wp-page\" data-elementor-id=\"830\" class=\"elementor elementor-830\" data-elementor-post-type=\"page\">\n\t\t\t\t<div class=\"elementor-element elementor-element-879dcfd e-con-full e-flex e-con e-parent\" data-id=\"879dcfd\" data-element_type=\"container\" data-settings=\"{&quot;background_background&quot;:&quot;classic&quot;,&quot;jet_parallax_layout_list&quot;:[]}\">\n\t\t<div class=\"elementor-element elementor-element-6ce21da e-flex e-con-boxed e-con e-child\" data-id=\"6ce21da\" data-element_type=\"container\" data-settings=\"{&quot;jet_parallax_layout_list&quot;:[]}\">\n\t\t\t\t\t<div class=\"e-con-inner\">\n\t\t\t\t<div class=\"elementor-element elementor-element-3ba42e9 elementor-widget elementor-widget-spacer\" data-id=\"3ba42e9\" data-element_type=\"widget\" data-widget_type=\"spacer.default\">\n\t\t\t\t<div class=\"elementor-widget-container\">\n\t\t\t\t\t\t\t<div class=\"elementor-spacer\">\n\t\t\t<div class=\"elementor-spacer-inner\"><\/div>\n\t\t<\/div>\n\t\t\t\t\t\t<\/div>\n\t\t\t\t<\/div>\n\t\t\t\t\t<\/div>\n\t\t\t\t<\/div>\n\t\t\t\t<\/div>\n\t\t<div class=\"elementor-element elementor-element-6fc7688 e-con-full e-flex e-con e-parent\" data-id=\"6fc7688\" data-element_type=\"container\" data-settings=\"{&quot;background_background&quot;:&quot;classic&quot;,&quot;jet_parallax_layout_list&quot;:[]}\">\n\t\t<div class=\"elementor-element elementor-element-35d135c e-con-full e-flex e-con e-child\" data-id=\"35d135c\" data-element_type=\"container\" data-settings=\"{&quot;jet_parallax_layout_list&quot;:[]}\">\n\t\t\t\t<div class=\"elementor-element elementor-element-0c4dbc9 elementor-widget elementor-widget-heading\" data-id=\"0c4dbc9\" data-element_type=\"widget\" data-widget_type=\"heading.default\">\n\t\t\t\t<div class=\"elementor-widget-container\">\n\t\t\t\t\t<h1 class=\"elementor-heading-title elementor-size-default\">Les fun\u00e9railles et accompagnement au deuil<\/h1>\t\t\t\t<\/div>\n\t\t\t\t<\/div>\n\t\t\t\t<div class=\"elementor-element elementor-element-6483704 elementor-widget elementor-widget-text-editor\" data-id=\"6483704\" data-element_type=\"widget\" data-widget_type=\"text-editor.default\">\n\t\t\t\t<div class=\"elementor-widget-container\">\n\t\t\t\t\t\t\t\t\t<p>La vie comporte des moments p\u00e9nibles, douloureux o\u00f9 un soutien est toujours souhaitable. La perte de ceux qu&rsquo;on aime est de ceux-l\u00e0.<br \/>\u2028Il n&rsquo;est pas toujours simple de faire face \u00e0 la souffrance des autres mais une communaut\u00e9 chr\u00e9tienne se veut aussi une communaut\u00e9 d&rsquo;entraide. C&rsquo;est \u00e0 ce titre que l&rsquo;\u00e9quipe d&rsquo;accompagnement du deuil existe.<\/p><p>Lors du d\u00e9c\u00e8s d&rsquo;un proche, des b\u00e9n\u00e9voles sont l\u00e0 au nom de la communaut\u00e9. Comme ceux qui l&rsquo;ont connu, ils vont l&rsquo;\u00e9voquer, le c\u00e9l\u00e9brer et l&rsquo;introduire \u00e0 l&rsquo;esp\u00e9rance de Dieu. Ils entourent la famille afin de reconna\u00eetre sa souffrance, prier avec elle et l&rsquo;aider \u00e0 organiser la c\u00e9r\u00e9monie chr\u00e9tienne qu&rsquo;elle d\u00e9sire.<\/p><p>La c\u00e9l\u00e9bration des fun\u00e9railles se fait id\u00e9alement \u00e0 l&rsquo;\u00e9glise par une absoute ou une messe de fun\u00e9railles. Dans ce cas, le c\u00e9l\u00e9brant est un pr\u00eatre et l&rsquo;\u00e9quipe est aid\u00e9e du sacristain et de la chorale.\u2028<br \/>Il est aussi possible de pr\u00e9voir une veill\u00e9e de pri\u00e8re la veille au soir.<br \/>\u2028Enfin, si c&rsquo;est le d\u00e9sir de la famille, une simple pri\u00e8re d&rsquo;adieu peut \u00eatre organis\u00e9e au fun\u00e9rarium.<\/p><p>Dans tous les cas, ce sera avec l&rsquo;aide des pompes fun\u00e8bres choisies.<br \/>\u2028Mais l&rsquo;essentiel pour l&rsquo;\u00e9quipe d&rsquo;accompagnement du deuil est d&rsquo;\u00eatre pr\u00e9sent aupr\u00e8s de la famille et de lui communiquer le message d&rsquo;esp\u00e9rance.<\/p>\t\t\t\t\t\t\t\t<\/div>\n\t\t\t\t<\/div>\n\t\t\t\t<\/div>\n\t\t<div class=\"elementor-element elementor-element-09b63b2 e-con-full e-flex e-con e-child\" data-id=\"09b63b2\" data-element_type=\"container\" data-settings=\"{&quot;jet_parallax_layout_list&quot;:[]}\">\n\t\t\t\t<div class=\"elementor-element elementor-element-a810d38 elementor-widget elementor-widget-image\" data-id=\"a810d38\" data-element_type=\"widget\" data-widget_type=\"image.default\">\n\t\t\t\t<div class=\"elementor-widget-container\">\n\t\t\t\t\t\t\t\t\t\t\t\t\t\t\t<img fetchpriority=\"high\" decoding=\"async\" width=\"800\" height=\"534\" src=\"https:\/\/dev-yellowstudio.be\/unite\/wp-content\/uploads\/2025\/11\/unite-pastorale-notre-dame-des-ble-d-or-funerailles-1024x683.jpg\" class=\"attachment-large size-large wp-image-835\" alt=\"\" srcset=\"https:\/\/dev-yellowstudio.be\/unite\/wp-content\/uploads\/2025\/11\/unite-pastorale-notre-dame-des-ble-d-or-funerailles-1024x683.jpg 1024w, https:\/\/dev-yellowstudio.be\/unite\/wp-content\/uploads\/2025\/11\/unite-pastorale-notre-dame-des-ble-d-or-funerailles-300x200.jpg 300w, https:\/\/dev-yellowstudio.be\/unite\/wp-content\/uploads\/2025\/11\/unite-pastorale-notre-dame-des-ble-d-or-funerailles-768x512.jpg 768w, https:\/\/dev-yellowstudio.be\/unite\/wp-content\/uploads\/2025\/11\/unite-pastorale-notre-dame-des-ble-d-or-funerailles.jpg 1200w\" sizes=\"(max-width: 800px) 100vw, 800px\" \/>\t\t\t\t\t\t\t\t\t\t\t\t\t\t\t<\/div>\n\t\t\t\t<\/div>\n\t\t\t\t<\/div>\n\t\t\t\t<\/div>\n\t\t<div class=\"elementor-element elementor-element-cbb2d2b e-con-full e-flex e-con e-parent\" data-id=\"cbb2d2b\" data-element_type=\"container\" data-settings=\"{&quot;background_background&quot;:&quot;classic&quot;,&quot;jet_parallax_layout_list&quot;:[]}\">\n\t\t<div class=\"elementor-element elementor-element-9e78d18 e-con-full e-flex e-con e-child\" data-id=\"9e78d18\" data-element_type=\"container\" data-settings=\"{&quot;jet_parallax_layout_list&quot;:[]}\">\n\t\t\t\t<div class=\"elementor-element elementor-element-328073a elementor-widget elementor-widget-image\" data-id=\"328073a\" data-element_type=\"widget\" data-widget_type=\"image.default\">\n\t\t\t\t<div class=\"elementor-widget-container\">\n\t\t\t\t\t\t\t\t\t\t\t\t\t\t\t<img decoding=\"async\" width=\"800\" height=\"422\" src=\"https:\/\/dev-yellowstudio.be\/unite\/wp-content\/uploads\/2025\/11\/unite-pastorale-notre-dame-des-ble-d-or-funerailles-3-1024x540.jpg\" class=\"attachment-large size-large wp-image-838\" alt=\"\" srcset=\"https:\/\/dev-yellowstudio.be\/unite\/wp-content\/uploads\/2025\/11\/unite-pastorale-notre-dame-des-ble-d-or-funerailles-3-1024x540.jpg 1024w, https:\/\/dev-yellowstudio.be\/unite\/wp-content\/uploads\/2025\/11\/unite-pastorale-notre-dame-des-ble-d-or-funerailles-3-300x158.jpg 300w, https:\/\/dev-yellowstudio.be\/unite\/wp-content\/uploads\/2025\/11\/unite-pastorale-notre-dame-des-ble-d-or-funerailles-3-768x405.jpg 768w, https:\/\/dev-yellowstudio.be\/unite\/wp-content\/uploads\/2025\/11\/unite-pastorale-notre-dame-des-ble-d-or-funerailles-3.jpg 1200w\" sizes=\"(max-width: 800px) 100vw, 800px\" \/>\t\t\t\t\t\t\t\t\t\t\t\t\t\t\t<\/div>\n\t\t\t\t<\/div>\n\t\t\t\t<\/div>\n\t\t<div class=\"elementor-element elementor-element-47c41a7 e-con-full e-flex e-con e-child\" data-id=\"47c41a7\" data-element_type=\"container\" data-settings=\"{&quot;jet_parallax_layout_list&quot;:[]}\">\n\t\t\t\t<div class=\"elementor-element elementor-element-e3eb306 elementor-widget elementor-widget-heading\" data-id=\"e3eb306\" data-element_type=\"widget\" data-widget_type=\"heading.default\">\n\t\t\t\t<div class=\"elementor-widget-container\">\n\t\t\t\t\t<h2 class=\"elementor-heading-title elementor-size-default\">Contact<\/h2>\t\t\t\t<\/div>\n\t\t\t\t<\/div>\n\t\t\t\t<div class=\"elementor-element elementor-element-558cd55 elementor-widget elementor-widget-text-editor\" data-id=\"558cd55\" data-element_type=\"widget\" data-widget_type=\"text-editor.default\">\n\t\t\t\t<div class=\"elementor-widget-container\">\n\t\t\t\t\t\t\t\t\t<p>Berloz : Sonia Vermeire : <em><span style=\"text-decoration: underline;\"><a href=\"tel:+32499154816\">0499\/15 48 16<\/a><\/span><\/em> &amp; Carine Janssens<br \/>Geer : \u2028Jean-Marie Gillet : <em><span style=\"text-decoration: underline;\"><a href=\"tel:+3219326396\">019\/32 63 96<\/a><\/span><\/em><br \/>Faimes : \u2028Freddy Ancion : <span style=\"text-decoration: underline;\"><em><a href=\"tel:+3219322326\">019\/32 23 26<\/a><\/em><\/span><\/p>\t\t\t\t\t\t\t\t<\/div>\n\t\t\t\t<\/div>\n\t\t\t\t<\/div>\n\t\t\t\t<\/div>\n\t\t\t\t<\/div>\n\t\t","protected":false},"excerpt":{"rendered":"<p>Les fun\u00e9railles et accompagnement au deuil La vie comporte des moments p\u00e9nibles, douloureux o\u00f9 un soutien est toujours souhaitable. La perte de ceux qu&rsquo;on aime est de ceux-l\u00e0.\u2028Il n&rsquo;est pas toujours simple de faire face \u00e0 la souffrance des autres mais une communaut\u00e9 chr\u00e9tienne se veut aussi une communaut\u00e9 d&rsquo;entraide. C&rsquo;est \u00e0 ce titre que [&hellip;]<\/p>\n","protected":false},"author":1,"featured_media":0,"parent":151,"menu_order":0,"comment_status":"closed","ping_status":"closed","template":"","meta":{"footnotes":""},"class_list":["post-830","page","type-page","status-publish","hentry"],"_links":{"self":[{"href":"https:\/\/dev-yellowstudio.be\/unite\/wp-json\/wp\/v2\/pages\/830","targetHints":{"allow":["GET"]}}],"collection":[{"href":"https:\/\/dev-yellowstudio.be\/unite\/wp-json\/wp\/v2\/pages"}],"about":[{"href":"https:\/\/dev-yellowstudio.be\/unite\/wp-json\/wp\/v2\/types\/page"}],"author":[{"embeddable":true,"href":"https:\/\/dev-yellowstudio.be\/unite\/wp-json\/wp\/v2\/users\/1"}],"replies":[{"embeddable":true,"href":"https:\/\/dev-yellowstudio.be\/unite\/wp-json\/wp\/v2\/comments?post=830"}],"version-history":[{"count":22,"href":"https:\/\/dev-yellowstudio.be\/unite\/wp-json\/wp\/v2\/pages\/830\/revisions"}],"predecessor-version":[{"id":1009,"href":"https:\/\/dev-yellowstudio.be\/unite\/wp-json\/wp\/v2\/pages\/830\/revisions\/1009"}],"up":[{"embeddable":true,"href":"https:\/\/dev-yellowstudio.be\/unite\/wp-json\/wp\/v2\/pages\/151"}],"wp:attachment":[{"href":"https:\/\/dev-yellowstudio.be\/unite\/wp-json\/wp\/v2\/media?parent=830"}],"curies":[{"name":"wp","href":"https:\/\/api.w.org\/{rel}","templated":true}]}}