{"id":454,"date":"2025-04-18T17:56:38","date_gmt":"2025-04-18T15:56:38","guid":{"rendered":"https:\/\/dev-yellowstudio.be\/unite\/?page_id=454"},"modified":"2025-12-09T15:07:09","modified_gmt":"2025-12-09T14:07:09","slug":"le-rosaire","status":"publish","type":"page","link":"https:\/\/dev-yellowstudio.be\/unite\/la-priere-et-la-spiritualite\/le-rosaire\/","title":{"rendered":"Le Rosaire"},"content":{"rendered":"\t\t<div data-elementor-type=\"wp-page\" data-elementor-id=\"454\" class=\"elementor elementor-454\" data-elementor-post-type=\"page\">\n\t\t\t\t<div class=\"elementor-element elementor-element-879dcfd e-con-full e-flex e-con e-parent\" data-id=\"879dcfd\" data-element_type=\"container\" data-settings=\"{&quot;background_background&quot;:&quot;classic&quot;,&quot;jet_parallax_layout_list&quot;:[]}\">\n\t\t<div class=\"elementor-element elementor-element-6ce21da e-con-full e-flex e-con e-child\" data-id=\"6ce21da\" data-element_type=\"container\" data-settings=\"{&quot;jet_parallax_layout_list&quot;:[]}\">\n\t\t\t\t<div class=\"elementor-element elementor-element-a5d055e elementor-widget elementor-widget-image\" data-id=\"a5d055e\" data-element_type=\"widget\" data-widget_type=\"image.default\">\n\t\t\t\t<div class=\"elementor-widget-container\">\n\t\t\t\t\t\t\t\t\t\t\t\t\t\t\t<img fetchpriority=\"high\" decoding=\"async\" width=\"800\" height=\"343\" src=\"https:\/\/dev-yellowstudio.be\/unite\/wp-content\/uploads\/2025\/11\/logo-rosaire-2-1024x439.png\" class=\"attachment-large size-large wp-image-884\" alt=\"\" srcset=\"https:\/\/dev-yellowstudio.be\/unite\/wp-content\/uploads\/2025\/11\/logo-rosaire-2-1024x439.png 1024w, https:\/\/dev-yellowstudio.be\/unite\/wp-content\/uploads\/2025\/11\/logo-rosaire-2-300x129.png 300w, https:\/\/dev-yellowstudio.be\/unite\/wp-content\/uploads\/2025\/11\/logo-rosaire-2-768x329.png 768w, https:\/\/dev-yellowstudio.be\/unite\/wp-content\/uploads\/2025\/11\/logo-rosaire-2-1536x659.png 1536w, https:\/\/dev-yellowstudio.be\/unite\/wp-content\/uploads\/2025\/11\/logo-rosaire-2.png 1548w\" sizes=\"(max-width: 800px) 100vw, 800px\" \/>\t\t\t\t\t\t\t\t\t\t\t\t\t\t\t<\/div>\n\t\t\t\t<\/div>\n\t\t\t\t<\/div>\n\t\t\t\t<\/div>\n\t\t<div class=\"elementor-element elementor-element-6fc7688 e-con-full e-flex e-con e-parent\" data-id=\"6fc7688\" data-element_type=\"container\" data-settings=\"{&quot;background_background&quot;:&quot;classic&quot;,&quot;jet_parallax_layout_list&quot;:[]}\">\n\t\t<div class=\"elementor-element elementor-element-35d135c e-con-full e-flex e-con e-child\" data-id=\"35d135c\" data-element_type=\"container\" data-settings=\"{&quot;jet_parallax_layout_list&quot;:[]}\">\n\t\t\t\t<div class=\"elementor-element elementor-element-0c4dbc9 elementor-widget elementor-widget-heading\" data-id=\"0c4dbc9\" data-element_type=\"widget\" data-widget_type=\"heading.default\">\n\t\t\t\t<div class=\"elementor-widget-container\">\n\t\t\t\t\t<h1 class=\"elementor-heading-title elementor-size-default\">L'\u00e9quipe Rosaire<\/h1>\t\t\t\t<\/div>\n\t\t\t\t<\/div>\n\t\t\t\t<div class=\"elementor-element elementor-element-6483704 elementor-widget elementor-widget-text-editor\" data-id=\"6483704\" data-element_type=\"widget\" data-widget_type=\"text-editor.default\">\n\t\t\t\t<div class=\"elementor-widget-container\">\n\t\t\t\t\t\t\t\t\t<p>Une rencontre mensuelle se d\u00e9roule \u00e0 la maison qui est un lieu fondamental des \u00e9quipes du Rosaire. Recevoir chez soi permet d\u2019accueillir dans la convivialit\u00e9, l\u2019amiti\u00e9 des personnes qui ne viendraient pas dans une \u00e9glise ou qui ne pourraient pas se confier facilement sans ces conditions.<\/p><p>Une fois par mois \u00e0 Viemme.<\/p><p><strong>Contact :<\/strong> Annie Nibus <span style=\"text-decoration: underline;\"><em><a href=\"mailto:annie.nibus@gmail.com\">annie.nibus@gmail.com<\/a><\/em><\/span><u><br \/><br \/><\/u><\/p>\t\t\t\t\t\t\t\t<\/div>\n\t\t\t\t<\/div>\n\t\t\t\t<\/div>\n\t\t<div class=\"elementor-element elementor-element-09b63b2 e-con-full e-flex e-con e-child\" data-id=\"09b63b2\" data-element_type=\"container\" data-settings=\"{&quot;jet_parallax_layout_list&quot;:[]}\">\n\t\t\t\t<div class=\"elementor-element elementor-element-9eb5f0a elementor-widget elementor-widget-image\" data-id=\"9eb5f0a\" data-element_type=\"widget\" data-widget_type=\"image.default\">\n\t\t\t\t<div class=\"elementor-widget-container\">\n\t\t\t\t\t\t\t\t\t\t\t\t\t\t\t<img decoding=\"async\" width=\"800\" height=\"460\" src=\"https:\/\/dev-yellowstudio.be\/unite\/wp-content\/uploads\/2025\/05\/rosaire-1024x589.jpg\" class=\"attachment-large size-large wp-image-676\" alt=\"\" srcset=\"https:\/\/dev-yellowstudio.be\/unite\/wp-content\/uploads\/2025\/05\/rosaire-1024x589.jpg 1024w, https:\/\/dev-yellowstudio.be\/unite\/wp-content\/uploads\/2025\/05\/rosaire-300x173.jpg 300w, https:\/\/dev-yellowstudio.be\/unite\/wp-content\/uploads\/2025\/05\/rosaire-768x442.jpg 768w, https:\/\/dev-yellowstudio.be\/unite\/wp-content\/uploads\/2025\/05\/rosaire.jpg 1200w\" sizes=\"(max-width: 800px) 100vw, 800px\" \/>\t\t\t\t\t\t\t\t\t\t\t\t\t\t\t<\/div>\n\t\t\t\t<\/div>\n\t\t\t\t<\/div>\n\t\t\t\t<\/div>\n\t\t\t\t<\/div>\n\t\t","protected":false},"excerpt":{"rendered":"<p>L&rsquo;\u00e9quipe Rosaire Une rencontre mensuelle se d\u00e9roule \u00e0 la maison qui est un lieu fondamental des \u00e9quipes du Rosaire. Recevoir chez soi permet d\u2019accueillir dans la convivialit\u00e9, l\u2019amiti\u00e9 des personnes qui ne viendraient pas dans une \u00e9glise ou qui ne pourraient pas se confier facilement sans ces conditions. Une fois par mois \u00e0 Viemme. Contact [&hellip;]<\/p>\n","protected":false},"author":1,"featured_media":0,"parent":194,"menu_order":0,"comment_status":"closed","ping_status":"closed","template":"","meta":{"footnotes":""},"class_list":["post-454","page","type-page","status-publish","hentry"],"_links":{"self":[{"href":"https:\/\/dev-yellowstudio.be\/unite\/wp-json\/wp\/v2\/pages\/454","targetHints":{"allow":["GET"]}}],"collection":[{"href":"https:\/\/dev-yellowstudio.be\/unite\/wp-json\/wp\/v2\/pages"}],"about":[{"href":"https:\/\/dev-yellowstudio.be\/unite\/wp-json\/wp\/v2\/types\/page"}],"author":[{"embeddable":true,"href":"https:\/\/dev-yellowstudio.be\/unite\/wp-json\/wp\/v2\/users\/1"}],"replies":[{"embeddable":true,"href":"https:\/\/dev-yellowstudio.be\/unite\/wp-json\/wp\/v2\/comments?post=454"}],"version-history":[{"count":19,"href":"https:\/\/dev-yellowstudio.be\/unite\/wp-json\/wp\/v2\/pages\/454\/revisions"}],"predecessor-version":[{"id":985,"href":"https:\/\/dev-yellowstudio.be\/unite\/wp-json\/wp\/v2\/pages\/454\/revisions\/985"}],"up":[{"embeddable":true,"href":"https:\/\/dev-yellowstudio.be\/unite\/wp-json\/wp\/v2\/pages\/194"}],"wp:attachment":[{"href":"https:\/\/dev-yellowstudio.be\/unite\/wp-json\/wp\/v2\/media?parent=454"}],"curies":[{"name":"wp","href":"https:\/\/api.w.org\/{rel}","templated":true}]}}