{"id":430,"date":"2025-04-18T17:40:27","date_gmt":"2025-04-18T15:40:27","guid":{"rendered":"https:\/\/dev-yellowstudio.be\/unite\/?page_id=430"},"modified":"2025-12-09T14:58:58","modified_gmt":"2025-12-09T13:58:58","slug":"le-chemin-de-la-confirmation","status":"publish","type":"page","link":"https:\/\/dev-yellowstudio.be\/unite\/la-catechese\/le-chemin-de-la-confirmation\/","title":{"rendered":"Le chemin de la confirmation"},"content":{"rendered":"\t\t<div data-elementor-type=\"wp-page\" data-elementor-id=\"430\" class=\"elementor elementor-430\" data-elementor-post-type=\"page\">\n\t\t\t\t<div class=\"elementor-element elementor-element-879dcfd e-con-full e-flex e-con e-parent\" data-id=\"879dcfd\" data-element_type=\"container\" data-settings=\"{&quot;background_background&quot;:&quot;classic&quot;,&quot;jet_parallax_layout_list&quot;:[]}\">\n\t\t<div class=\"elementor-element elementor-element-6ce21da e-flex e-con-boxed e-con e-child\" data-id=\"6ce21da\" data-element_type=\"container\" data-settings=\"{&quot;jet_parallax_layout_list&quot;:[]}\">\n\t\t\t\t\t<div class=\"e-con-inner\">\n\t\t\t\t<div class=\"elementor-element elementor-element-3ba42e9 elementor-widget elementor-widget-spacer\" data-id=\"3ba42e9\" data-element_type=\"widget\" data-widget_type=\"spacer.default\">\n\t\t\t\t<div class=\"elementor-widget-container\">\n\t\t\t\t\t\t\t<div class=\"elementor-spacer\">\n\t\t\t<div class=\"elementor-spacer-inner\"><\/div>\n\t\t<\/div>\n\t\t\t\t\t\t<\/div>\n\t\t\t\t<\/div>\n\t\t\t\t\t<\/div>\n\t\t\t\t<\/div>\n\t\t\t\t<\/div>\n\t\t<div class=\"elementor-element elementor-element-6fc7688 e-con-full e-flex e-con e-parent\" data-id=\"6fc7688\" data-element_type=\"container\" data-settings=\"{&quot;background_background&quot;:&quot;classic&quot;,&quot;jet_parallax_layout_list&quot;:[]}\">\n\t\t<div class=\"elementor-element elementor-element-35d135c e-con-full e-flex e-con e-child\" data-id=\"35d135c\" data-element_type=\"container\" data-settings=\"{&quot;jet_parallax_layout_list&quot;:[]}\">\n\t\t\t\t<div class=\"elementor-element elementor-element-0c4dbc9 elementor-widget elementor-widget-heading\" data-id=\"0c4dbc9\" data-element_type=\"widget\" data-widget_type=\"heading.default\">\n\t\t\t\t<div class=\"elementor-widget-container\">\n\t\t\t\t\t<h1 class=\"elementor-heading-title elementor-size-default\">Le chemin de la confirmation<\/h1>\t\t\t\t<\/div>\n\t\t\t\t<\/div>\n\t\t\t\t<div class=\"elementor-element elementor-element-6483704 elementor-widget elementor-widget-text-editor\" data-id=\"6483704\" data-element_type=\"widget\" data-widget_type=\"text-editor.default\">\n\t\t\t\t<div class=\"elementor-widget-container\">\n\t\t\t\t\t\t\t\t\t<p>Le chemin de la confirmation se pratique en 3 ans<\/p><p>\u2022 <strong>2 ann\u00e9es<\/strong> de pr\u00e9paration \u00e0 la profession de foi aideront les enfants \u00e0 mieux conna\u00eetre Dieu, la vie et la parole de J\u00e9sus en s\u2019aidant du nouveau testament.<\/p><p>Ils professeront leur Foi au cours d\u2019une c\u00e9l\u00e9bration o\u00f9 ils prononcent face \u00e0 l\u2019assembl\u00e9e ce qu\u2018ils ont d\u00e9couvert et en quoi ils croient\u00a0<\/p><p>\u2022 <strong>La 3\u00e9me ann\u00e9e<\/strong> conduit \u00e0 la confirmation qui marque l\u2019entr\u00e9e d\u00e9finitive du baptis\u00e9 dans l\u2019\u00e2ge adulte de la foi. La confirmation est le sacrement de la maturit\u00e9 chr\u00e9tienne : force de leur mission. Nous en avons besoin pour mener notre vie de chr\u00e9tien dans l\u2019\u00c9glise et dans le monde.<\/p><p><strong>\u00a0<\/strong><strong>Les inscriptions<\/strong> \u00e0 la cat\u00e9ch\u00e8se premi\u00e8re communion, curieux de Dieu et chemin de la confirmation ont lieu d\u00e9but septembre de chaque ann\u00e9e. La date para\u00eet dans cette rubrique chaque ann\u00e9e \u00e0 partir du mois d\u2019ao\u00fbt ainsi que dans les actus, le graines d\u2019Esp\u00e9rance, le F\u2019aimons-nous ou dans la vie de nos communaut\u00e9s<\/p><p><strong>Les rencontres :<\/strong> en fonction du nombre d\u2019enfants inscrits, les cat\u00e9chistes accueillent les enfants soit le mercredi, soit le samedi, soit le dimanche.<\/p><p><strong>Contact : <\/strong>V\u00e9ronique Hans <span style=\"text-decoration: underline;\"><em><a href=\"tel:+32486547915\">0486\/54.79.15<\/a><\/em><\/span>\u00a0<br \/>\u00a0\u00a0\u00a0\u00a0\u00a0\u00a0\u00a0\u00a0\u00a0\u00a0\u00a0\u00a0\u00a0\u00a0\u00a0\u00a0\u00a0 Laurence Minot <span style=\"text-decoration: underline;\"><em><a href=\"tel:+32497848193\">0497\/84.81.93<\/a><\/em><\/span><\/p>\t\t\t\t\t\t\t\t<\/div>\n\t\t\t\t<\/div>\n\t\t\t\t<\/div>\n\t\t<div class=\"elementor-element elementor-element-09b63b2 e-con-full e-flex e-con e-child\" data-id=\"09b63b2\" data-element_type=\"container\" data-settings=\"{&quot;jet_parallax_layout_list&quot;:[]}\">\n\t\t\t\t<div class=\"elementor-element elementor-element-58a5b56 elementor-widget elementor-widget-image\" data-id=\"58a5b56\" data-element_type=\"widget\" data-widget_type=\"image.default\">\n\t\t\t\t<div class=\"elementor-widget-container\">\n\t\t\t\t\t\t\t\t\t\t\t\t\t\t\t<img fetchpriority=\"high\" decoding=\"async\" width=\"800\" height=\"601\" src=\"https:\/\/dev-yellowstudio.be\/unite\/wp-content\/uploads\/2025\/05\/berloz-2-1024x769.jpg\" class=\"attachment-large size-large wp-image-669\" alt=\"\" srcset=\"https:\/\/dev-yellowstudio.be\/unite\/wp-content\/uploads\/2025\/05\/berloz-2-1024x769.jpg 1024w, https:\/\/dev-yellowstudio.be\/unite\/wp-content\/uploads\/2025\/05\/berloz-2-300x225.jpg 300w, https:\/\/dev-yellowstudio.be\/unite\/wp-content\/uploads\/2025\/05\/berloz-2-768x576.jpg 768w, https:\/\/dev-yellowstudio.be\/unite\/wp-content\/uploads\/2025\/05\/berloz-2-1536x1153.jpg 1536w, https:\/\/dev-yellowstudio.be\/unite\/wp-content\/uploads\/2025\/05\/berloz-2.jpg 1600w\" sizes=\"(max-width: 800px) 100vw, 800px\" \/>\t\t\t\t\t\t\t\t\t\t\t\t\t\t\t<\/div>\n\t\t\t\t<\/div>\n\t\t\t\t<\/div>\n\t\t\t\t<\/div>\n\t\t\t\t<\/div>\n\t\t","protected":false},"excerpt":{"rendered":"<p>Le chemin de la confirmation Le chemin de la confirmation se pratique en 3 ans \u2022 2 ann\u00e9es de pr\u00e9paration \u00e0 la profession de foi aideront les enfants \u00e0 mieux conna\u00eetre Dieu, la vie et la parole de J\u00e9sus en s\u2019aidant du nouveau testament. Ils professeront leur Foi au cours d\u2019une c\u00e9l\u00e9bration o\u00f9 ils prononcent [&hellip;]<\/p>\n","protected":false},"author":1,"featured_media":0,"parent":418,"menu_order":0,"comment_status":"closed","ping_status":"closed","template":"","meta":{"footnotes":""},"class_list":["post-430","page","type-page","status-publish","hentry"],"_links":{"self":[{"href":"https:\/\/dev-yellowstudio.be\/unite\/wp-json\/wp\/v2\/pages\/430","targetHints":{"allow":["GET"]}}],"collection":[{"href":"https:\/\/dev-yellowstudio.be\/unite\/wp-json\/wp\/v2\/pages"}],"about":[{"href":"https:\/\/dev-yellowstudio.be\/unite\/wp-json\/wp\/v2\/types\/page"}],"author":[{"embeddable":true,"href":"https:\/\/dev-yellowstudio.be\/unite\/wp-json\/wp\/v2\/users\/1"}],"replies":[{"embeddable":true,"href":"https:\/\/dev-yellowstudio.be\/unite\/wp-json\/wp\/v2\/comments?post=430"}],"version-history":[{"count":16,"href":"https:\/\/dev-yellowstudio.be\/unite\/wp-json\/wp\/v2\/pages\/430\/revisions"}],"predecessor-version":[{"id":964,"href":"https:\/\/dev-yellowstudio.be\/unite\/wp-json\/wp\/v2\/pages\/430\/revisions\/964"}],"up":[{"embeddable":true,"href":"https:\/\/dev-yellowstudio.be\/unite\/wp-json\/wp\/v2\/pages\/418"}],"wp:attachment":[{"href":"https:\/\/dev-yellowstudio.be\/unite\/wp-json\/wp\/v2\/media?parent=430"}],"curies":[{"name":"wp","href":"https:\/\/api.w.org\/{rel}","templated":true}]}}