{"id":420,"date":"2025-04-18T17:35:50","date_gmt":"2025-04-18T15:35:50","guid":{"rendered":"https:\/\/dev-yellowstudio.be\/unite\/?page_id=420"},"modified":"2025-12-09T14:58:04","modified_gmt":"2025-12-09T13:58:04","slug":"la-premiere-communion","status":"publish","type":"page","link":"https:\/\/dev-yellowstudio.be\/unite\/la-catechese\/la-premiere-communion\/","title":{"rendered":"La premi\u00e8re communion"},"content":{"rendered":"\t\t<div data-elementor-type=\"wp-page\" data-elementor-id=\"420\" class=\"elementor elementor-420\" data-elementor-post-type=\"page\">\n\t\t\t\t<div class=\"elementor-element elementor-element-879dcfd e-con-full e-flex e-con e-parent\" data-id=\"879dcfd\" data-element_type=\"container\" data-settings=\"{&quot;background_background&quot;:&quot;classic&quot;,&quot;jet_parallax_layout_list&quot;:[]}\">\n\t\t<div class=\"elementor-element elementor-element-6ce21da e-flex e-con-boxed e-con e-child\" data-id=\"6ce21da\" data-element_type=\"container\" data-settings=\"{&quot;jet_parallax_layout_list&quot;:[]}\">\n\t\t\t\t\t<div class=\"e-con-inner\">\n\t\t\t\t<div class=\"elementor-element elementor-element-3ba42e9 elementor-widget elementor-widget-spacer\" data-id=\"3ba42e9\" data-element_type=\"widget\" data-widget_type=\"spacer.default\">\n\t\t\t\t<div class=\"elementor-widget-container\">\n\t\t\t\t\t\t\t<div class=\"elementor-spacer\">\n\t\t\t<div class=\"elementor-spacer-inner\"><\/div>\n\t\t<\/div>\n\t\t\t\t\t\t<\/div>\n\t\t\t\t<\/div>\n\t\t\t\t\t<\/div>\n\t\t\t\t<\/div>\n\t\t\t\t<\/div>\n\t\t<div class=\"elementor-element elementor-element-6fc7688 e-con-full e-flex e-con e-parent\" data-id=\"6fc7688\" data-element_type=\"container\" data-settings=\"{&quot;background_background&quot;:&quot;classic&quot;,&quot;jet_parallax_layout_list&quot;:[]}\">\n\t\t<div class=\"elementor-element elementor-element-35d135c e-con-full e-flex e-con e-child\" data-id=\"35d135c\" data-element_type=\"container\" data-settings=\"{&quot;jet_parallax_layout_list&quot;:[]}\">\n\t\t\t\t<div class=\"elementor-element elementor-element-0c4dbc9 elementor-widget elementor-widget-heading\" data-id=\"0c4dbc9\" data-element_type=\"widget\" data-widget_type=\"heading.default\">\n\t\t\t\t<div class=\"elementor-widget-container\">\n\t\t\t\t\t<h1 class=\"elementor-heading-title elementor-size-default\">La premi\u00e8re communion<\/h1>\t\t\t\t<\/div>\n\t\t\t\t<\/div>\n\t\t\t\t<div class=\"elementor-element elementor-element-6483704 elementor-widget elementor-widget-text-editor\" data-id=\"6483704\" data-element_type=\"widget\" data-widget_type=\"text-editor.default\">\n\t\t\t\t<div class=\"elementor-widget-container\">\n\t\t\t\t\t\t\t\t\t<p>Elle concerne les enfants de 2<sup>\u00e8me<\/sup> et 3<sup>\u00e8me<\/sup> ann\u00e9e primaire.<\/p><p>Des cat\u00e9chistes prennent en charge les enfants qui s\u2019y inscrivent.<\/p><p>Ils se r\u00e9unissent environ 6 \u00e0 8 fois par an pour apprendre \u00e0 mieux conna\u00eetre J\u00e9sus et sa parole ainsi que le sens de l\u2019Eucharistie.<\/p><p>Des enfants un peu plus \u00e2g\u00e9s qui souhaitent faire leur premi\u00e8re communion peuvent aussi s\u2019y inscrire.<\/p><p><strong>\u00a0<\/strong><strong>Les inscriptions<\/strong> \u00e0 la cat\u00e9ch\u00e8se premi\u00e8re communion, curieux de Dieu et chemin de la confirmation ont lieu d\u00e9but septembre de chaque ann\u00e9e. La date para\u00eet dans cette rubrique chaque ann\u00e9e \u00e0 partir du mois d\u2019ao\u00fbt ainsi que dans les actus, le graines d\u2019Esp\u00e9rance, le F\u2019aimons-nous ou dans la vie de nos communaut\u00e9s<\/p><p><strong>Les rencontres :<\/strong> en fonction du nombre d\u2019enfants inscrits, les cat\u00e9chistes accueillent les enfants soit le mercredi, soit le samedi, soit le dimanche.<\/p><p><strong>Contact<\/strong>: Claire Delnoy <span style=\"text-decoration: underline;\"><em><a href=\"tel:+32476976015\">0476\/97.60.15<\/a><\/em><\/span><\/p>\t\t\t\t\t\t\t\t<\/div>\n\t\t\t\t<\/div>\n\t\t\t\t<\/div>\n\t\t<div class=\"elementor-element elementor-element-09b63b2 e-con-full e-flex e-con e-child\" data-id=\"09b63b2\" data-element_type=\"container\" data-settings=\"{&quot;jet_parallax_layout_list&quot;:[]}\">\n\t\t\t\t<div class=\"elementor-element elementor-element-ae5d675 elementor-widget elementor-widget-image\" data-id=\"ae5d675\" data-element_type=\"widget\" data-widget_type=\"image.default\">\n\t\t\t\t<div class=\"elementor-widget-container\">\n\t\t\t\t\t\t\t\t\t\t\t\t\t\t\t<img fetchpriority=\"high\" decoding=\"async\" width=\"800\" height=\"531\" src=\"https:\/\/dev-yellowstudio.be\/unite\/wp-content\/uploads\/2025\/05\/profession-de-foi-viemme183-1024x680.jpg\" class=\"attachment-large size-large wp-image-481\" alt=\"\" srcset=\"https:\/\/dev-yellowstudio.be\/unite\/wp-content\/uploads\/2025\/05\/profession-de-foi-viemme183-1024x680.jpg 1024w, https:\/\/dev-yellowstudio.be\/unite\/wp-content\/uploads\/2025\/05\/profession-de-foi-viemme183-300x199.jpg 300w, https:\/\/dev-yellowstudio.be\/unite\/wp-content\/uploads\/2025\/05\/profession-de-foi-viemme183-768x510.jpg 768w, https:\/\/dev-yellowstudio.be\/unite\/wp-content\/uploads\/2025\/05\/profession-de-foi-viemme183.jpg 1200w\" sizes=\"(max-width: 800px) 100vw, 800px\" \/>\t\t\t\t\t\t\t\t\t\t\t\t\t\t\t<\/div>\n\t\t\t\t<\/div>\n\t\t\t\t<\/div>\n\t\t\t\t<\/div>\n\t\t\t\t<\/div>\n\t\t","protected":false},"excerpt":{"rendered":"<p>La premi\u00e8re communion Elle concerne les enfants de 2\u00e8me et 3\u00e8me ann\u00e9e primaire. Des cat\u00e9chistes prennent en charge les enfants qui s\u2019y inscrivent. Ils se r\u00e9unissent environ 6 \u00e0 8 fois par an pour apprendre \u00e0 mieux conna\u00eetre J\u00e9sus et sa parole ainsi que le sens de l\u2019Eucharistie. Des enfants un peu plus \u00e2g\u00e9s qui [&hellip;]<\/p>\n","protected":false},"author":1,"featured_media":0,"parent":418,"menu_order":0,"comment_status":"closed","ping_status":"closed","template":"","meta":{"footnotes":""},"class_list":["post-420","page","type-page","status-publish","hentry"],"_links":{"self":[{"href":"https:\/\/dev-yellowstudio.be\/unite\/wp-json\/wp\/v2\/pages\/420","targetHints":{"allow":["GET"]}}],"collection":[{"href":"https:\/\/dev-yellowstudio.be\/unite\/wp-json\/wp\/v2\/pages"}],"about":[{"href":"https:\/\/dev-yellowstudio.be\/unite\/wp-json\/wp\/v2\/types\/page"}],"author":[{"embeddable":true,"href":"https:\/\/dev-yellowstudio.be\/unite\/wp-json\/wp\/v2\/users\/1"}],"replies":[{"embeddable":true,"href":"https:\/\/dev-yellowstudio.be\/unite\/wp-json\/wp\/v2\/comments?post=420"}],"version-history":[{"count":13,"href":"https:\/\/dev-yellowstudio.be\/unite\/wp-json\/wp\/v2\/pages\/420\/revisions"}],"predecessor-version":[{"id":961,"href":"https:\/\/dev-yellowstudio.be\/unite\/wp-json\/wp\/v2\/pages\/420\/revisions\/961"}],"up":[{"embeddable":true,"href":"https:\/\/dev-yellowstudio.be\/unite\/wp-json\/wp\/v2\/pages\/418"}],"wp:attachment":[{"href":"https:\/\/dev-yellowstudio.be\/unite\/wp-json\/wp\/v2\/media?parent=420"}],"curies":[{"name":"wp","href":"https:\/\/api.w.org\/{rel}","templated":true}]}}