{"id":183,"date":"2025-01-10T14:13:03","date_gmt":"2025-01-10T13:13:03","guid":{"rendered":"https:\/\/dev-yellowstudio.be\/unite\/?page_id=183"},"modified":"2025-12-09T15:11:33","modified_gmt":"2025-12-09T14:11:33","slug":"leucharistie","status":"publish","type":"page","link":"https:\/\/dev-yellowstudio.be\/unite\/les-sacrements\/leucharistie\/","title":{"rendered":"L\u2019eucharistie"},"content":{"rendered":"\t\t<div data-elementor-type=\"wp-page\" data-elementor-id=\"183\" class=\"elementor elementor-183\" data-elementor-post-type=\"page\">\n\t\t\t\t<div class=\"elementor-element elementor-element-879dcfd e-con-full e-flex e-con e-parent\" data-id=\"879dcfd\" data-element_type=\"container\" data-settings=\"{&quot;background_background&quot;:&quot;classic&quot;,&quot;jet_parallax_layout_list&quot;:[]}\">\n\t\t<div class=\"elementor-element elementor-element-6ce21da e-flex e-con-boxed e-con e-child\" data-id=\"6ce21da\" data-element_type=\"container\" data-settings=\"{&quot;jet_parallax_layout_list&quot;:[]}\">\n\t\t\t\t\t<div class=\"e-con-inner\">\n\t\t\t\t<div class=\"elementor-element elementor-element-3ba42e9 elementor-widget elementor-widget-spacer\" data-id=\"3ba42e9\" data-element_type=\"widget\" data-widget_type=\"spacer.default\">\n\t\t\t\t<div class=\"elementor-widget-container\">\n\t\t\t\t\t\t\t<div class=\"elementor-spacer\">\n\t\t\t<div class=\"elementor-spacer-inner\"><\/div>\n\t\t<\/div>\n\t\t\t\t\t\t<\/div>\n\t\t\t\t<\/div>\n\t\t\t\t\t<\/div>\n\t\t\t\t<\/div>\n\t\t\t\t<\/div>\n\t\t<div class=\"elementor-element elementor-element-6fc7688 e-con-full e-flex e-con e-parent\" data-id=\"6fc7688\" data-element_type=\"container\" data-settings=\"{&quot;background_background&quot;:&quot;classic&quot;,&quot;jet_parallax_layout_list&quot;:[]}\">\n\t\t<div class=\"elementor-element elementor-element-35d135c e-con-full e-flex e-con e-child\" data-id=\"35d135c\" data-element_type=\"container\" data-settings=\"{&quot;jet_parallax_layout_list&quot;:[]}\">\n\t\t\t\t<div class=\"elementor-element elementor-element-0c4dbc9 elementor-widget elementor-widget-heading\" data-id=\"0c4dbc9\" data-element_type=\"widget\" data-widget_type=\"heading.default\">\n\t\t\t\t<div class=\"elementor-widget-container\">\n\t\t\t\t\t<h1 class=\"elementor-heading-title elementor-size-default\">L\u2019eucharistie<\/h1>\t\t\t\t<\/div>\n\t\t\t\t<\/div>\n\t\t\t\t<div class=\"elementor-element elementor-element-6483704 elementor-widget elementor-widget-text-editor\" data-id=\"6483704\" data-element_type=\"widget\" data-widget_type=\"text-editor.default\">\n\t\t\t\t<div class=\"elementor-widget-container\">\n\t\t\t\t\t\t\t\t\t<p>L\u2019Eucharistie est le second sacrement de la vie du chr\u00e9tien.<br \/><br \/>Pour recevoir la premi\u00e8re fois ce sacrement, que l\u2019on pourra recevoir chaque fois qu\u2019on le souhaite, il est n\u00e9cessaire d\u2019avoir quelques connaissances de J\u00e9sus, de sa vie, de ses paroles et de ses gestes\u2026<br \/><br \/>La pr\u00e9paration qui sera propos\u00e9e par la cat\u00e9ch\u00e8se \u00e0 ceux qui souhaitent communier pour la 1<sup>\u00e8re<\/sup> fois concerne la messe, le sens et la signification des grands moments de cette c\u00e9l\u00e9bration qu\u2019est la messe.<br \/><br \/><\/p>\t\t\t\t\t\t\t\t<\/div>\n\t\t\t\t<\/div>\n\t\t\t\t<\/div>\n\t\t<div class=\"elementor-element elementor-element-09b63b2 e-con-full e-flex e-con e-child\" data-id=\"09b63b2\" data-element_type=\"container\" data-settings=\"{&quot;jet_parallax_layout_list&quot;:[]}\">\n\t\t\t\t<div class=\"elementor-element elementor-element-a810d38 elementor-widget elementor-widget-image\" data-id=\"a810d38\" data-element_type=\"widget\" data-widget_type=\"image.default\">\n\t\t\t\t<div class=\"elementor-widget-container\">\n\t\t\t\t\t\t\t\t\t\t\t\t\t\t\t<img fetchpriority=\"high\" decoding=\"async\" width=\"800\" height=\"600\" src=\"https:\/\/dev-yellowstudio.be\/unite\/wp-content\/uploads\/2025\/05\/434737659_10229530370637565_2027856500617952132_n-1024x768.jpg\" class=\"attachment-large size-large wp-image-491\" alt=\"\" srcset=\"https:\/\/dev-yellowstudio.be\/unite\/wp-content\/uploads\/2025\/05\/434737659_10229530370637565_2027856500617952132_n-1024x768.jpg 1024w, https:\/\/dev-yellowstudio.be\/unite\/wp-content\/uploads\/2025\/05\/434737659_10229530370637565_2027856500617952132_n-300x225.jpg 300w, https:\/\/dev-yellowstudio.be\/unite\/wp-content\/uploads\/2025\/05\/434737659_10229530370637565_2027856500617952132_n-768x576.jpg 768w, https:\/\/dev-yellowstudio.be\/unite\/wp-content\/uploads\/2025\/05\/434737659_10229530370637565_2027856500617952132_n-1536x1152.jpg 1536w, https:\/\/dev-yellowstudio.be\/unite\/wp-content\/uploads\/2025\/05\/434737659_10229530370637565_2027856500617952132_n.jpg 2048w\" sizes=\"(max-width: 800px) 100vw, 800px\" \/>\t\t\t\t\t\t\t\t\t\t\t\t\t\t\t<\/div>\n\t\t\t\t<\/div>\n\t\t\t\t<\/div>\n\t\t\t\t<\/div>\n\t\t<div class=\"elementor-element elementor-element-cbb2d2b e-con-full e-flex e-con e-parent\" data-id=\"cbb2d2b\" data-element_type=\"container\" data-settings=\"{&quot;background_background&quot;:&quot;classic&quot;,&quot;jet_parallax_layout_list&quot;:[]}\">\n\t\t<div class=\"elementor-element elementor-element-9e78d18 e-con-full e-flex e-con e-child\" data-id=\"9e78d18\" data-element_type=\"container\" data-settings=\"{&quot;jet_parallax_layout_list&quot;:[]}\">\n\t\t\t\t<div class=\"elementor-element elementor-element-328073a elementor-widget elementor-widget-image\" data-id=\"328073a\" data-element_type=\"widget\" data-widget_type=\"image.default\">\n\t\t\t\t<div class=\"elementor-widget-container\">\n\t\t\t\t\t\t\t\t\t\t\t\t\t\t\t<img decoding=\"async\" width=\"800\" height=\"531\" src=\"https:\/\/dev-yellowstudio.be\/unite\/wp-content\/uploads\/2025\/05\/mercredicendres42-1024x680.jpg\" class=\"attachment-large size-large wp-image-483\" alt=\"\" srcset=\"https:\/\/dev-yellowstudio.be\/unite\/wp-content\/uploads\/2025\/05\/mercredicendres42-1024x680.jpg 1024w, https:\/\/dev-yellowstudio.be\/unite\/wp-content\/uploads\/2025\/05\/mercredicendres42-300x199.jpg 300w, https:\/\/dev-yellowstudio.be\/unite\/wp-content\/uploads\/2025\/05\/mercredicendres42-768x510.jpg 768w, https:\/\/dev-yellowstudio.be\/unite\/wp-content\/uploads\/2025\/05\/mercredicendres42.jpg 1200w\" sizes=\"(max-width: 800px) 100vw, 800px\" \/>\t\t\t\t\t\t\t\t\t\t\t\t\t\t\t<\/div>\n\t\t\t\t<\/div>\n\t\t\t\t<\/div>\n\t\t<div class=\"elementor-element elementor-element-47c41a7 e-con-full e-flex e-con e-child\" data-id=\"47c41a7\" data-element_type=\"container\" data-settings=\"{&quot;jet_parallax_layout_list&quot;:[]}\">\n\t\t\t\t<div class=\"elementor-element elementor-element-e3eb306 elementor-widget elementor-widget-heading\" data-id=\"e3eb306\" data-element_type=\"widget\" data-widget_type=\"heading.default\">\n\t\t\t\t<div class=\"elementor-widget-container\">\n\t\t\t\t\t<h2 class=\"elementor-heading-title elementor-size-default\">Contact<\/h2>\t\t\t\t<\/div>\n\t\t\t\t<\/div>\n\t\t\t\t<div class=\"elementor-element elementor-element-558cd55 elementor-widget elementor-widget-text-editor\" data-id=\"558cd55\" data-element_type=\"widget\" data-widget_type=\"text-editor.default\">\n\t\t\t\t<div class=\"elementor-widget-container\">\n\t\t\t\t\t\t\t\t\t<p><strong>Mimie Math\u00e9i &#8211; Mulkers<\/strong>: <a href=\"tel:+32477746476\"><em><span style=\"text-decoration: underline;\">0477\/74.64.76<\/span><\/em><\/a><\/p>\t\t\t\t\t\t\t\t<\/div>\n\t\t\t\t<\/div>\n\t\t\t\t<\/div>\n\t\t\t\t<\/div>\n\t\t\t\t<\/div>\n\t\t","protected":false},"excerpt":{"rendered":"<p>L\u2019eucharistie L\u2019Eucharistie est le second sacrement de la vie du chr\u00e9tien. Pour recevoir la premi\u00e8re fois ce sacrement, que l\u2019on pourra recevoir chaque fois qu\u2019on le souhaite, il est n\u00e9cessaire d\u2019avoir quelques connaissances de J\u00e9sus, de sa vie, de ses paroles et de ses gestes\u2026 La pr\u00e9paration qui sera propos\u00e9e par la cat\u00e9ch\u00e8se \u00e0 ceux [&hellip;]<\/p>\n","protected":false},"author":1,"featured_media":0,"parent":151,"menu_order":0,"comment_status":"closed","ping_status":"closed","template":"","meta":{"footnotes":""},"class_list":["post-183","page","type-page","status-publish","hentry"],"_links":{"self":[{"href":"https:\/\/dev-yellowstudio.be\/unite\/wp-json\/wp\/v2\/pages\/183","targetHints":{"allow":["GET"]}}],"collection":[{"href":"https:\/\/dev-yellowstudio.be\/unite\/wp-json\/wp\/v2\/pages"}],"about":[{"href":"https:\/\/dev-yellowstudio.be\/unite\/wp-json\/wp\/v2\/types\/page"}],"author":[{"embeddable":true,"href":"https:\/\/dev-yellowstudio.be\/unite\/wp-json\/wp\/v2\/users\/1"}],"replies":[{"embeddable":true,"href":"https:\/\/dev-yellowstudio.be\/unite\/wp-json\/wp\/v2\/comments?post=183"}],"version-history":[{"count":25,"href":"https:\/\/dev-yellowstudio.be\/unite\/wp-json\/wp\/v2\/pages\/183\/revisions"}],"predecessor-version":[{"id":994,"href":"https:\/\/dev-yellowstudio.be\/unite\/wp-json\/wp\/v2\/pages\/183\/revisions\/994"}],"up":[{"embeddable":true,"href":"https:\/\/dev-yellowstudio.be\/unite\/wp-json\/wp\/v2\/pages\/151"}],"wp:attachment":[{"href":"https:\/\/dev-yellowstudio.be\/unite\/wp-json\/wp\/v2\/media?parent=183"}],"curies":[{"name":"wp","href":"https:\/\/api.w.org\/{rel}","templated":true}]}}