{"id":143,"date":"2025-01-10T13:36:22","date_gmt":"2025-01-10T12:36:22","guid":{"rendered":"https:\/\/dev-yellowstudio.be\/unite\/?page_id=143"},"modified":"2025-12-09T15:01:35","modified_gmt":"2025-12-09T14:01:35","slug":"les-sacristains","status":"publish","type":"page","link":"https:\/\/dev-yellowstudio.be\/unite\/la-liturgie\/les-sacristains\/","title":{"rendered":"Les sacristains"},"content":{"rendered":"\t\t<div data-elementor-type=\"wp-page\" data-elementor-id=\"143\" class=\"elementor elementor-143\" data-elementor-post-type=\"page\">\n\t\t\t\t<div class=\"elementor-element elementor-element-879dcfd e-con-full e-flex e-con e-parent\" data-id=\"879dcfd\" data-element_type=\"container\" data-settings=\"{&quot;background_background&quot;:&quot;classic&quot;,&quot;jet_parallax_layout_list&quot;:[]}\">\n\t\t<div class=\"elementor-element elementor-element-6ce21da e-flex e-con-boxed e-con e-child\" data-id=\"6ce21da\" data-element_type=\"container\" data-settings=\"{&quot;jet_parallax_layout_list&quot;:[]}\">\n\t\t\t\t\t<div class=\"e-con-inner\">\n\t\t\t\t<div class=\"elementor-element elementor-element-3ba42e9 elementor-widget elementor-widget-spacer\" data-id=\"3ba42e9\" data-element_type=\"widget\" data-widget_type=\"spacer.default\">\n\t\t\t\t<div class=\"elementor-widget-container\">\n\t\t\t\t\t\t\t<div class=\"elementor-spacer\">\n\t\t\t<div class=\"elementor-spacer-inner\"><\/div>\n\t\t<\/div>\n\t\t\t\t\t\t<\/div>\n\t\t\t\t<\/div>\n\t\t\t\t\t<\/div>\n\t\t\t\t<\/div>\n\t\t\t\t<\/div>\n\t\t<div class=\"elementor-element elementor-element-6fc7688 e-con-full e-flex e-con e-parent\" data-id=\"6fc7688\" data-element_type=\"container\" data-settings=\"{&quot;background_background&quot;:&quot;classic&quot;,&quot;jet_parallax_layout_list&quot;:[]}\">\n\t\t<div class=\"elementor-element elementor-element-35d135c e-con-full e-flex e-con e-child\" data-id=\"35d135c\" data-element_type=\"container\" data-settings=\"{&quot;jet_parallax_layout_list&quot;:[]}\">\n\t\t\t\t<div class=\"elementor-element elementor-element-0c4dbc9 elementor-widget elementor-widget-heading\" data-id=\"0c4dbc9\" data-element_type=\"widget\" data-widget_type=\"heading.default\">\n\t\t\t\t<div class=\"elementor-widget-container\">\n\t\t\t\t\t<h1 class=\"elementor-heading-title elementor-size-default\">Les sacristains<\/h1>\t\t\t\t<\/div>\n\t\t\t\t<\/div>\n\t\t\t\t<div class=\"elementor-element elementor-element-6483704 elementor-widget elementor-widget-text-editor\" data-id=\"6483704\" data-element_type=\"widget\" data-widget_type=\"text-editor.default\">\n\t\t\t\t<div class=\"elementor-widget-container\">\n\t\t\t\t\t\t\t\t\t<p>Chaque \u00e9glise a son sacristain. La t\u00e2che de celui-ci est de veiller \u00e0 ce que l\u2019\u00e9glise soit toujours pr\u00eate \u00e0 accueillir les diff\u00e9rentes c\u00e9l\u00e9brations qui s\u2019y d\u00e9roulent. En dehors des c\u00e9l\u00e9brations, il veille \u00e0 ce que toutes les portes soient soigneusement ferm\u00e9es et il s\u2019enquiert \u00e9galement du rangement de l\u2019\u00e9glise et de la sacristie, de la propret\u00e9 des lieux et signale aux responsables de la fabrique tout probl\u00e8me technique qu\u2019il constate (lampes d\u00e9fectueuses, probl\u00e8me avec le chauffage, \u2026).<\/p><p>Il est surtout pr\u00e9sent avant chaque c\u00e9l\u00e9bration afin de pr\u00e9parer tous les livres et objets du culte qui seront n\u00e9cessaires \u00e0 son bon d\u00e9roulement\u00a0: bougies, calice, ciboire, hosties, vin, missels, lectionnaires, v\u00eatements liturgiques \u2026 Il s\u2019occupe \u00e9galement de l\u2019appel des fid\u00e8les en actionnant les cloches \u00e0 toute vol\u00e9e un quart d\u2019heure avant chaque office. Il sera \u00e9galement attentif \u00e0 ce que les paniers soient appr\u00eat\u00e9s en vue des collectes.<\/p><p>Le sacristain veille en outre \u00e0 cr\u00e9er une atmosph\u00e8re de pri\u00e8re et de recueillement avant le d\u00e9but de chaque c\u00e9l\u00e9bration (musique douce d\u2019orgue, fleurs ornant l\u2019autel, bougies allum\u00e9es devant la statue de la Vierge, etc).<\/p><p>Enfin il sera attentif \u00e0 l\u2019accueil personnalis\u00e9 et fraternel des fid\u00e8les et du c\u00e9l\u00e9brant lui-m\u00eame (surtout quand ce dernier n\u2019est pas un habitu\u00e9 des lieux).<\/p>\t\t\t\t\t\t\t\t<\/div>\n\t\t\t\t<\/div>\n\t\t\t\t<\/div>\n\t\t<div class=\"elementor-element elementor-element-09b63b2 e-con-full e-flex e-con e-child\" data-id=\"09b63b2\" data-element_type=\"container\" data-settings=\"{&quot;jet_parallax_layout_list&quot;:[]}\">\n\t\t\t\t<div class=\"elementor-element elementor-element-1368518 elementor-widget elementor-widget-image\" data-id=\"1368518\" data-element_type=\"widget\" data-widget_type=\"image.default\">\n\t\t\t\t<div class=\"elementor-widget-container\">\n\t\t\t\t\t\t\t\t\t\t\t\t\t\t\t<img fetchpriority=\"high\" decoding=\"async\" width=\"800\" height=\"448\" src=\"https:\/\/dev-yellowstudio.be\/unite\/wp-content\/uploads\/2025\/05\/vitrail-1024x573.jpg\" class=\"attachment-large size-large wp-image-496\" alt=\"\" srcset=\"https:\/\/dev-yellowstudio.be\/unite\/wp-content\/uploads\/2025\/05\/vitrail-1024x573.jpg 1024w, https:\/\/dev-yellowstudio.be\/unite\/wp-content\/uploads\/2025\/05\/vitrail-300x168.jpg 300w, https:\/\/dev-yellowstudio.be\/unite\/wp-content\/uploads\/2025\/05\/vitrail-768x430.jpg 768w, https:\/\/dev-yellowstudio.be\/unite\/wp-content\/uploads\/2025\/05\/vitrail-1536x860.jpg 1536w, https:\/\/dev-yellowstudio.be\/unite\/wp-content\/uploads\/2025\/05\/vitrail.jpg 1600w\" sizes=\"(max-width: 800px) 100vw, 800px\" \/>\t\t\t\t\t\t\t\t\t\t\t\t\t\t\t<\/div>\n\t\t\t\t<\/div>\n\t\t\t\t<\/div>\n\t\t\t\t<\/div>\n\t\t<div class=\"elementor-element elementor-element-e1b09ba e-con-full e-flex e-con e-parent\" data-id=\"e1b09ba\" data-element_type=\"container\" data-settings=\"{&quot;background_background&quot;:&quot;classic&quot;,&quot;jet_parallax_layout_list&quot;:[]}\">\n\t\t<div class=\"elementor-element elementor-element-9871ea0 e-con-full e-flex e-con e-child\" data-id=\"9871ea0\" data-element_type=\"container\" data-settings=\"{&quot;jet_parallax_layout_list&quot;:[]}\">\n\t\t\t\t<div class=\"elementor-element elementor-element-a26e664 elementor-widget elementor-widget-image\" data-id=\"a26e664\" data-element_type=\"widget\" data-widget_type=\"image.default\">\n\t\t\t\t<div class=\"elementor-widget-container\">\n\t\t\t\t\t\t\t\t\t\t\t\t\t\t\t<img decoding=\"async\" width=\"768\" height=\"1024\" src=\"https:\/\/dev-yellowstudio.be\/unite\/wp-content\/uploads\/2025\/05\/468220206_10231618731924397_1399275212777286356_n-768x1024.jpg\" class=\"attachment-large size-large wp-image-493\" alt=\"\" srcset=\"https:\/\/dev-yellowstudio.be\/unite\/wp-content\/uploads\/2025\/05\/468220206_10231618731924397_1399275212777286356_n-768x1024.jpg 768w, https:\/\/dev-yellowstudio.be\/unite\/wp-content\/uploads\/2025\/05\/468220206_10231618731924397_1399275212777286356_n-225x300.jpg 225w, https:\/\/dev-yellowstudio.be\/unite\/wp-content\/uploads\/2025\/05\/468220206_10231618731924397_1399275212777286356_n-1152x1536.jpg 1152w, https:\/\/dev-yellowstudio.be\/unite\/wp-content\/uploads\/2025\/05\/468220206_10231618731924397_1399275212777286356_n.jpg 1200w\" sizes=\"(max-width: 768px) 100vw, 768px\" \/>\t\t\t\t\t\t\t\t\t\t\t\t\t\t\t<\/div>\n\t\t\t\t<\/div>\n\t\t\t\t<\/div>\n\t\t<div class=\"elementor-element elementor-element-0d00c0d e-con-full e-flex e-con e-child\" data-id=\"0d00c0d\" data-element_type=\"container\" data-settings=\"{&quot;jet_parallax_layout_list&quot;:[]}\">\n\t\t\t\t<div class=\"elementor-element elementor-element-97de60e elementor-widget elementor-widget-text-editor\" data-id=\"97de60e\" data-element_type=\"widget\" data-widget_type=\"text-editor.default\">\n\t\t\t\t<div class=\"elementor-widget-container\">\n\t\t\t\t\t\t\t\t\t<p><strong>\u2022 Berloz <\/strong>: Carine Janssens <a href=\"tel:+32499409363\">0499\/40.93.63<\/a><br \/><strong>\u2022 Borlez <\/strong>: C\u00e9leste Matterne <span style=\"text-decoration: underline;\"><em><a href=\"tel:+32470866302\">0470\/86.63.02<\/a><\/em><\/span> et Katelijn Cartuyvels\u00a0<br \/>\u2022 <strong>Bo\u00ebhle <\/strong>: Oscar Genon <span style=\"text-decoration: underline;\"><em><a href=\"tel:+32479801320\">0479\/80.13.20<\/a><\/em><\/span><br \/><strong>\u2022 Celles<\/strong> : Marie-Alice Lahaye <span style=\"text-decoration: underline;\"><em><a href=\"tel:+3219332196\">019\/33.21.96<\/a><\/em><\/span> et Fernand Colin <span style=\"text-decoration: underline;\"><em><a href=\"tel:+3219567436\">019\/56.74.36<\/a><\/em><\/span><br \/><strong>\u2022 Crenwick<\/strong> : Sonia Vermeire <a href=\"tel:+32499154816\"><em><span style=\"text-decoration: underline;\">0499\/15.48.16<\/span><\/em><\/a><br \/><strong>\u2022 Corswarem <\/strong>: Joseph Dedry <span style=\"text-decoration: underline;\"><em><a href=\"tel:+32486547903\">0486\/54.79.03<\/a><\/em><\/span> et Patrick Leemans <span style=\"text-decoration: underline;\"><em><a href=\"tel:+32494137237\">0494\/13.72.37<\/a><\/em><\/span><br \/><strong>\u2022 Darion <\/strong>: Fran\u00e7ois Jaymaert <span style=\"text-decoration: underline;\"><em><a href=\"tel:+32475683348\">0475\/68.33.48<\/a><\/em><\/span> et <span style=\"text-decoration: underline;\"><em><a href=\"tel:+3219588558\">019\/58.85.58<\/a><\/em><\/span><br \/><strong>\u2022 Geer <\/strong>: Carine Blockx <span style=\"text-decoration: underline;\"><em><a href=\"tel:+32495325045\">0495\/32.50.45<\/a><\/em><\/span><br \/><strong>\u2022 Hollogne<\/strong>\u00a0: Marie-Rose Mahiels<br \/><strong>\u2022 Les Waleffes<\/strong>: Fernand Colin <span style=\"text-decoration: underline;\"><em><a href=\"tel:+3219567436\">019\/56.74.36<\/a><\/em><\/span><br \/><strong>\u2022 Omal <\/strong>:<br \/><strong>\u2022 Rosoux <\/strong>: Mia Jamar <a href=\"tel:+3219325869\"><em><span style=\"text-decoration: underline;\">019\/32.58.69<\/span><\/em><\/a><br \/><strong>\u2022 Viemme<\/strong>: Thierry Lamiral <span style=\"text-decoration: underline;\"><em><a href=\"tel:+32478781151\">0478\/78.11.51<\/a><\/em><\/span> et Annie Nibus <span style=\"text-decoration: underline;\"><em><a href=\"tel:+32475754772\">0475\/75.47.72<\/a><\/em><\/span><\/p>\t\t\t\t\t\t\t\t<\/div>\n\t\t\t\t<\/div>\n\t\t\t\t<\/div>\n\t\t\t\t<\/div>\n\t\t\t\t<\/div>\n\t\t","protected":false},"excerpt":{"rendered":"<p>Les sacristains Chaque \u00e9glise a son sacristain. La t\u00e2che de celui-ci est de veiller \u00e0 ce que l\u2019\u00e9glise soit toujours pr\u00eate \u00e0 accueillir les diff\u00e9rentes c\u00e9l\u00e9brations qui s\u2019y d\u00e9roulent. En dehors des c\u00e9l\u00e9brations, il veille \u00e0 ce que toutes les portes soient soigneusement ferm\u00e9es et il s\u2019enquiert \u00e9galement du rangement de l\u2019\u00e9glise et de la [&hellip;]<\/p>\n","protected":false},"author":1,"featured_media":0,"parent":136,"menu_order":0,"comment_status":"closed","ping_status":"closed","template":"","meta":{"footnotes":""},"class_list":["post-143","page","type-page","status-publish","hentry"],"_links":{"self":[{"href":"https:\/\/dev-yellowstudio.be\/unite\/wp-json\/wp\/v2\/pages\/143","targetHints":{"allow":["GET"]}}],"collection":[{"href":"https:\/\/dev-yellowstudio.be\/unite\/wp-json\/wp\/v2\/pages"}],"about":[{"href":"https:\/\/dev-yellowstudio.be\/unite\/wp-json\/wp\/v2\/types\/page"}],"author":[{"embeddable":true,"href":"https:\/\/dev-yellowstudio.be\/unite\/wp-json\/wp\/v2\/users\/1"}],"replies":[{"embeddable":true,"href":"https:\/\/dev-yellowstudio.be\/unite\/wp-json\/wp\/v2\/comments?post=143"}],"version-history":[{"count":31,"href":"https:\/\/dev-yellowstudio.be\/unite\/wp-json\/wp\/v2\/pages\/143\/revisions"}],"predecessor-version":[{"id":973,"href":"https:\/\/dev-yellowstudio.be\/unite\/wp-json\/wp\/v2\/pages\/143\/revisions\/973"}],"up":[{"embeddable":true,"href":"https:\/\/dev-yellowstudio.be\/unite\/wp-json\/wp\/v2\/pages\/136"}],"wp:attachment":[{"href":"https:\/\/dev-yellowstudio.be\/unite\/wp-json\/wp\/v2\/media?parent=143"}],"curies":[{"name":"wp","href":"https:\/\/api.w.org\/{rel}","templated":true}]}}